{"id":357,"date":"2025-08-17T21:13:15","date_gmt":"2025-08-17T19:13:15","guid":{"rendered":"https:\/\/amade.ro\/?page_id=357"},"modified":"2026-02-04T10:23:35","modified_gmt":"2026-02-04T09:23:35","slug":"komfort-ketagyas-szoba","status":"publish","type":"page","link":"https:\/\/amade.ro\/ro\/szobak\/komfort-ketagyas-szoba\/","title":{"rendered":"CAMER\u0102 CONFORTA CU DOU\u0102 PATURI"},"content":{"rendered":"<div data-elementor-type=\"wp-page\" data-elementor-id=\"357\" class=\"elementor elementor-357\" data-elementor-post-type=\"page\">\n\t\t\t\t<div class=\"elementor-element elementor-element-ab6c35e e-flex e-con-boxed e-con e-parent\" data-id=\"ab6c35e\" data-element_type=\"container\" data-settings=\"{&quot;background_background&quot;:&quot;classic&quot;}\">\n\t\t\t\t\t<div class=\"e-con-inner\">\n\t\t\t\t\t<\/div>\n\t\t\t\t<\/div>\n\t\t<div class=\"elementor-element elementor-element-0eef238 e-flex e-con-boxed e-con e-parent\" data-id=\"0eef238\" data-element_type=\"container\">\n\t\t\t\t\t<div class=\"e-con-inner\">\n\t\t<div class=\"elementor-element elementor-element-1953ab2 e-con-full e-flex e-con e-child\" data-id=\"1953ab2\" data-element_type=\"container\">\n\t\t\t\t<div class=\"elementor-element elementor-element-cb9ca1b elementor-widget elementor-widget-heading\" data-id=\"cb9ca1b\" data-element_type=\"widget\" data-widget_type=\"heading.default\">\n\t\t\t\t<div class=\"elementor-widget-container\">\n\t\t\t\t\t<h2 class=\"elementor-heading-title elementor-size-default\">Camer\u0103 dubl\u0103 confort\n<\/h2>\t\t\t\t<\/div>\n\t\t\t\t<\/div>\n\t\t\t\t<div class=\"elementor-element elementor-element-20106fe elementor-widget elementor-widget-text-editor\" data-id=\"20106fe\" data-element_type=\"widget\" data-widget_type=\"text-editor.default\">\n\t\t\t\t<div class=\"elementor-widget-container\">\n\t\t\t\t\t\t\t\t\t<p class=\"translation-block\">Camerele noastre duble Confort, mai mari, confortabile \u0219i mobilate cu gust, pot g\u0103zdui un pat suplimentar pentru 3 adul\u021bi \u0219i 1 copil (p\u00e2n\u0103 la 7 ani), a\u0219a c\u0103 le recomand\u0103m \u0219i familiilor mai mici. Camera de 35 de metri p\u0103tra\u021bi dispune \u0219i de un fotoliu extensibil mic pentru un confort sporit.<\/p>\n<p class=\"translation-block\"><b>Echipamentul suplimentar al camerelor Comfort este un mini-frigider, celelalte caracteristici sunt acelea\u0219i ca \u0219i cele ale camerelor Standard:<\/b>TV LED cu canale digitale, mas\u0103, 2 scaune, pahare, lenjerie de pat. Baia privat\u0103 are du\u0219, usc\u0103tor de p\u0103r, s\u0103pun de m\u00e2ini, gel de du\u0219, prosoape.<\/p>\t\t\t\t\t\t\t\t<\/div>\n\t\t\t\t<\/div>\n\t\t\t\t<div class=\"elementor-element elementor-element-97eb5e8 animated-fast elementor-mobile-align-center elementor-invisible elementor-widget elementor-widget-button\" data-id=\"97eb5e8\" data-element_type=\"widget\" data-settings=\"{&quot;_animation&quot;:&quot;fadeInUp&quot;}\" data-widget_type=\"button.default\">\n\t\t\t\t<div class=\"elementor-widget-container\">\n\t\t\t\t\t\t\t\t\t<div class=\"elementor-button-wrapper\">\n\t\t\t\t\t<a class=\"elementor-button elementor-button-link elementor-size-sm\" href=\"\/ro\/foglalas\/\">\n\t\t\t\t\t\t<span class=\"elementor-button-content-wrapper\">\n\t\t\t\t\t\t\t\t\t<span class=\"elementor-button-text\">Calcularea pre\u021bului \u0219i rezervarea<\/span>\n\t\t\t\t\t<\/span>\n\t\t\t\t\t<\/a>\n\t\t\t\t<\/div>\n\t\t\t\t\t\t\t\t<\/div>\n\t\t\t\t<\/div>\n\t\t\t\t<\/div>\n\t\t<div class=\"elementor-element elementor-element-f232661 e-con-full e-flex e-con e-child\" data-id=\"f232661\" data-element_type=\"container\">\n\t\t\t\t<div class=\"elementor-element elementor-element-50d7f2f elementor-widget elementor-widget-image\" data-id=\"50d7f2f\" data-element_type=\"widget\" data-widget_type=\"image.default\">\n\t\t\t\t<div class=\"elementor-widget-container\">\n\t\t\t\t\t\t\t\t\t\t\t\t\t\t\t<img fetchpriority=\"high\" decoding=\"async\" width=\"1000\" height=\"643\" src=\"https:\/\/amade.ro\/wp-content\/uploads\/2025\/08\/comfort-szoba3.jpg\" class=\"attachment-large size-large wp-image-155\" alt=\"\" srcset=\"https:\/\/amade.ro\/wp-content\/uploads\/2025\/08\/comfort-szoba3.jpg 1000w, https:\/\/amade.ro\/wp-content\/uploads\/2025\/08\/comfort-szoba3-300x193.jpg 300w, https:\/\/amade.ro\/wp-content\/uploads\/2025\/08\/comfort-szoba3-768x494.jpg 768w\" sizes=\"(max-width: 1000px) 100vw, 1000px\" \/>\t\t\t\t\t\t\t\t\t\t\t\t\t\t\t<\/div>\n\t\t\t\t<\/div>\n\t\t\t\t<\/div>\n\t\t\t\t\t<\/div>\n\t\t\t\t<\/div>\n\t\t<div class=\"elementor-element elementor-element-fb808c1 e-flex e-con-boxed e-con e-parent\" data-id=\"fb808c1\" data-element_type=\"container\">\n\t\t\t\t\t<div class=\"e-con-inner\">\n\t\t\t\t<div class=\"elementor-element elementor-element-b2cf91d elementor-widget elementor-widget-heading\" data-id=\"b2cf91d\" data-element_type=\"widget\" data-widget_type=\"heading.default\">\n\t\t\t\t<div class=\"elementor-widget-container\">\n\t\t\t\t\t<h2 class=\"elementor-heading-title elementor-size-default\">Galerie<\/h2>\t\t\t\t<\/div>\n\t\t\t\t<\/div>\n\t\t\t\t<div class=\"elementor-element elementor-element-11b3c10 elementor-widget elementor-widget-gallery\" data-id=\"11b3c10\" data-element_type=\"widget\" data-settings=\"{&quot;columns_mobile&quot;:2,&quot;gap_mobile&quot;:{&quot;unit&quot;:&quot;px&quot;,&quot;size&quot;:5,&quot;sizes&quot;:[]},&quot;columns&quot;:3,&quot;lazyload&quot;:&quot;yes&quot;,&quot;gallery_layout&quot;:&quot;grid&quot;,&quot;columns_tablet&quot;:2,&quot;gap&quot;:{&quot;unit&quot;:&quot;px&quot;,&quot;size&quot;:10,&quot;sizes&quot;:[]},&quot;gap_tablet&quot;:{&quot;unit&quot;:&quot;px&quot;,&quot;size&quot;:10,&quot;sizes&quot;:[]},&quot;link_to&quot;:&quot;file&quot;,&quot;aspect_ratio&quot;:&quot;3:2&quot;,&quot;overlay_background&quot;:&quot;yes&quot;,&quot;content_hover_animation&quot;:&quot;fade-in&quot;}\" data-widget_type=\"gallery.default\">\n\t\t\t\t<div class=\"elementor-widget-container\">\n\t\t\t\t\t\t\t<div class=\"elementor-gallery__container\">\n\t\t\t\t\t\t\t<a class=\"e-gallery-item elementor-gallery-item elementor-animated-content\" href=\"https:\/\/amade.ro\/wp-content\/uploads\/2025\/08\/comfort-szoba3.jpg\" data-elementor-open-lightbox=\"yes\" data-elementor-lightbox-slideshow=\"11b3c10\" data-e-action-hash=\"#elementor-action%3Aaction%3Dlightbox%26settings%3DeyJpZCI6MTU1LCJ1cmwiOiJodHRwczpcL1wvYW1hZGUucm9cL3dwLWNvbnRlbnRcL3VwbG9hZHNcLzIwMjVcLzA4XC9jb21mb3J0LXN6b2JhMy5qcGciLCJzbGlkZXNob3ciOiIxMWIzYzEwIn0%3D\">\n\t\t\t\t\t<div class=\"e-gallery-image elementor-gallery-item__image\" data-thumbnail=\"https:\/\/amade.ro\/wp-content\/uploads\/2025\/08\/comfort-szoba3.jpg\" data-width=\"1000\" data-height=\"643\" aria-label=\"\" role=\"img\" ><\/div>\n\t\t\t\t\t\t\t\t\t\t\t<div class=\"elementor-gallery-item__overlay\"><\/div>\n\t\t\t\t\t\t\t\t\t\t\t\t\t\t<\/a>\n\t\t\t\t\t\t\t<a class=\"e-gallery-item elementor-gallery-item elementor-animated-content\" href=\"https:\/\/amade.ro\/wp-content\/uploads\/2025\/08\/comfort-szoba8.jpg\" data-elementor-open-lightbox=\"yes\" data-elementor-lightbox-slideshow=\"11b3c10\" data-e-action-hash=\"#elementor-action%3Aaction%3Dlightbox%26settings%3DeyJpZCI6MTUyLCJ1cmwiOiJodHRwczpcL1wvYW1hZGUucm9cL3dwLWNvbnRlbnRcL3VwbG9hZHNcLzIwMjVcLzA4XC9jb21mb3J0LXN6b2JhOC5qcGciLCJzbGlkZXNob3ciOiIxMWIzYzEwIn0%3D\">\n\t\t\t\t\t<div class=\"e-gallery-image elementor-gallery-item__image\" data-thumbnail=\"https:\/\/amade.ro\/wp-content\/uploads\/2025\/08\/comfort-szoba8.jpg\" data-width=\"1024\" data-height=\"734\" aria-label=\"\" role=\"img\" ><\/div>\n\t\t\t\t\t\t\t\t\t\t\t<div class=\"elementor-gallery-item__overlay\"><\/div>\n\t\t\t\t\t\t\t\t\t\t\t\t\t\t<\/a>\n\t\t\t\t\t\t\t<a class=\"e-gallery-item elementor-gallery-item elementor-animated-content\" href=\"https:\/\/amade.ro\/wp-content\/uploads\/2025\/08\/comfort-szoba.jpg\" data-elementor-open-lightbox=\"yes\" data-elementor-lightbox-slideshow=\"11b3c10\" data-e-action-hash=\"#elementor-action%3Aaction%3Dlightbox%26settings%3DeyJpZCI6MTAzLCJ1cmwiOiJodHRwczpcL1wvYW1hZGUucm9cL3dwLWNvbnRlbnRcL3VwbG9hZHNcLzIwMjVcLzA4XC9jb21mb3J0LXN6b2JhLmpwZyIsInNsaWRlc2hvdyI6IjExYjNjMTAifQ%3D%3D\">\n\t\t\t\t\t<div class=\"e-gallery-image elementor-gallery-item__image\" data-thumbnail=\"https:\/\/amade.ro\/wp-content\/uploads\/2025\/08\/comfort-szoba.jpg\" data-width=\"1803\" data-height=\"1200\" aria-label=\"\" role=\"img\" ><\/div>\n\t\t\t\t\t\t\t\t\t\t\t<div class=\"elementor-gallery-item__overlay\"><\/div>\n\t\t\t\t\t\t\t\t\t\t\t\t\t\t<\/a>\n\t\t\t\t\t\t\t<a class=\"e-gallery-item elementor-gallery-item elementor-animated-content\" href=\"https:\/\/amade.ro\/wp-content\/uploads\/2025\/08\/comfort-szoba7.jpg\" data-elementor-open-lightbox=\"yes\" data-elementor-lightbox-slideshow=\"11b3c10\" data-e-action-hash=\"#elementor-action%3Aaction%3Dlightbox%26settings%3DeyJpZCI6MTYwLCJ1cmwiOiJodHRwczpcL1wvYW1hZGUucm9cL3dwLWNvbnRlbnRcL3VwbG9hZHNcLzIwMjVcLzA4XC9jb21mb3J0LXN6b2JhNy5qcGciLCJzbGlkZXNob3ciOiIxMWIzYzEwIn0%3D\">\n\t\t\t\t\t<div class=\"e-gallery-image elementor-gallery-item__image\" data-thumbnail=\"https:\/\/amade.ro\/wp-content\/uploads\/2025\/08\/comfort-szoba7.jpg\" data-width=\"1024\" data-height=\"685\" aria-label=\"\" role=\"img\" ><\/div>\n\t\t\t\t\t\t\t\t\t\t\t<div class=\"elementor-gallery-item__overlay\"><\/div>\n\t\t\t\t\t\t\t\t\t\t\t\t\t\t<\/a>\n\t\t\t\t\t\t\t<a class=\"e-gallery-item elementor-gallery-item elementor-animated-content\" href=\"https:\/\/amade.ro\/wp-content\/uploads\/2025\/08\/comfort-szoba5.jpg\" data-elementor-open-lightbox=\"yes\" data-elementor-lightbox-slideshow=\"11b3c10\" data-e-action-hash=\"#elementor-action%3Aaction%3Dlightbox%26settings%3DeyJpZCI6MTk0LCJ1cmwiOiJodHRwczpcL1wvYW1hZGUucm9cL3dwLWNvbnRlbnRcL3VwbG9hZHNcLzIwMjVcLzA4XC9jb21mb3J0LXN6b2JhNS5qcGciLCJzbGlkZXNob3ciOiIxMWIzYzEwIn0%3D\">\n\t\t\t\t\t<div class=\"e-gallery-image elementor-gallery-item__image\" data-thumbnail=\"https:\/\/amade.ro\/wp-content\/uploads\/2025\/08\/comfort-szoba5.jpg\" data-width=\"670\" data-height=\"768\" aria-label=\"\" role=\"img\" ><\/div>\n\t\t\t\t\t\t\t\t\t\t\t<div class=\"elementor-gallery-item__overlay\"><\/div>\n\t\t\t\t\t\t\t\t\t\t\t\t\t\t<\/a>\n\t\t\t\t\t\t\t<a class=\"e-gallery-item elementor-gallery-item elementor-animated-content\" href=\"https:\/\/amade.ro\/wp-content\/uploads\/2025\/08\/comfort-szoba6.jpg\" data-elementor-open-lightbox=\"yes\" data-elementor-lightbox-slideshow=\"11b3c10\" data-e-action-hash=\"#elementor-action%3Aaction%3Dlightbox%26settings%3DeyJpZCI6MTkyLCJ1cmwiOiJodHRwczpcL1wvYW1hZGUucm9cL3dwLWNvbnRlbnRcL3VwbG9hZHNcLzIwMjVcLzA4XC9jb21mb3J0LXN6b2JhNi5qcGciLCJzbGlkZXNob3ciOiIxMWIzYzEwIn0%3D\">\n\t\t\t\t\t<div class=\"e-gallery-image elementor-gallery-item__image\" data-thumbnail=\"https:\/\/amade.ro\/wp-content\/uploads\/2025\/08\/comfort-szoba6.jpg\" data-width=\"1024\" data-height=\"645\" aria-label=\"\" role=\"img\" ><\/div>\n\t\t\t\t\t\t\t\t\t\t\t<div class=\"elementor-gallery-item__overlay\"><\/div>\n\t\t\t\t\t\t\t\t\t\t\t\t\t\t<\/a>\n\t\t\t\t\t\t\t<a class=\"e-gallery-item elementor-gallery-item elementor-animated-content\" href=\"https:\/\/amade.ro\/wp-content\/uploads\/2025\/08\/comfort-szoba2.jpg\" data-elementor-open-lightbox=\"yes\" data-elementor-lightbox-slideshow=\"11b3c10\" data-e-action-hash=\"#elementor-action%3Aaction%3Dlightbox%26settings%3DeyJpZCI6MTc5LCJ1cmwiOiJodHRwczpcL1wvYW1hZGUucm9cL3dwLWNvbnRlbnRcL3VwbG9hZHNcLzIwMjVcLzA4XC9jb21mb3J0LXN6b2JhMi5qcGciLCJzbGlkZXNob3ciOiIxMWIzYzEwIn0%3D\">\n\t\t\t\t\t<div class=\"e-gallery-image elementor-gallery-item__image\" data-thumbnail=\"https:\/\/amade.ro\/wp-content\/uploads\/2025\/08\/comfort-szoba2.jpg\" data-width=\"1000\" data-height=\"535\" aria-label=\"\" role=\"img\" ><\/div>\n\t\t\t\t\t\t\t\t\t\t\t<div class=\"elementor-gallery-item__overlay\"><\/div>\n\t\t\t\t\t\t\t\t\t\t\t\t\t\t<\/a>\n\t\t\t\t\t\t\t<a class=\"e-gallery-item elementor-gallery-item elementor-animated-content\" href=\"https:\/\/amade.ro\/wp-content\/uploads\/2025\/08\/comfort-szoba4.jpg\" data-elementor-open-lightbox=\"yes\" data-elementor-lightbox-slideshow=\"11b3c10\" data-e-action-hash=\"#elementor-action%3Aaction%3Dlightbox%26settings%3DeyJpZCI6MTMzLCJ1cmwiOiJodHRwczpcL1wvYW1hZGUucm9cL3dwLWNvbnRlbnRcL3VwbG9hZHNcLzIwMjVcLzA4XC9jb21mb3J0LXN6b2JhNC5qcGciLCJzbGlkZXNob3ciOiIxMWIzYzEwIn0%3D\">\n\t\t\t\t\t<div class=\"e-gallery-image elementor-gallery-item__image\" data-thumbnail=\"https:\/\/amade.ro\/wp-content\/uploads\/2025\/08\/comfort-szoba4.jpg\" data-width=\"889\" data-height=\"768\" aria-label=\"\" role=\"img\" ><\/div>\n\t\t\t\t\t\t\t\t\t\t\t<div class=\"elementor-gallery-item__overlay\"><\/div>\n\t\t\t\t\t\t\t\t\t\t\t\t\t\t<\/a>\n\t\t\t\t\t<\/div>\n\t\t\t\t\t<\/div>\n\t\t\t\t<\/div>\n\t\t\t\t\t<\/div>\n\t\t\t\t<\/div>\n\t\t\t\t<\/div>","protected":false},"excerpt":{"rendered":"<p>Komfort k\u00e9t\u00e1gyas szoba Nagyobb alapter\u00fclet\u0171, k\u00e9nyelmes, \u00edzl\u00e9sesen berendezett Komfort k\u00e9t\u00e1gyas szob\u00e1ink 3 feln\u0151tt \u00e9s 1 gyermek (7 \u00e9ves korig) r\u00e9sz\u00e9re [&hellip;]<\/p>","protected":false},"author":1,"featured_media":0,"parent":15,"menu_order":0,"comment_status":"closed","ping_status":"closed","template":"","meta":{"site-sidebar-layout":"no-sidebar","site-content-layout":"","ast-site-content-layout":"full-width-container","site-content-style":"default","site-sidebar-style":"default","ast-global-header-display":"","ast-banner-title-visibility":"","ast-main-header-display":"","ast-hfb-above-header-display":"","ast-hfb-below-header-display":"","ast-hfb-mobile-header-display":"","site-post-title":"disabled","ast-breadcrumbs-content":"","ast-featured-img":"disabled","footer-sml-layout":"","theme-transparent-header-meta":"","adv-header-id-meta":"","stick-header-meta":"","header-above-stick-meta":"","header-main-stick-meta":"","header-below-stick-meta":"","astra-migrate-meta-layouts":"default","ast-page-background-enabled":"default","ast-page-background-meta":{"desktop":{"background-color":"var(--ast-global-color-5)","background-image":"","background-repeat":"repeat","background-position":"center center","background-size":"auto","background-attachment":"scroll","background-type":"","background-media":"","overlay-type":"","overlay-color":"","overlay-opacity":"","overlay-gradient":""},"tablet":{"background-color":"","background-image":"","background-repeat":"repeat","background-position":"center center","background-size":"auto","background-attachment":"scroll","background-type":"","background-media":"","overlay-type":"","overlay-color":"","overlay-opacity":"","overlay-gradient":""},"mobile":{"background-color":"","background-image":"","background-repeat":"repeat","background-position":"center center","background-size":"auto","background-attachment":"scroll","background-type":"","background-media":"","overlay-type":"","overlay-color":"","overlay-opacity":"","overlay-gradient":""}},"ast-content-background-meta":{"desktop":{"background-color":"var(--ast-global-color-4)","background-image":"","background-repeat":"repeat","background-position":"center center","background-size":"auto","background-attachment":"scroll","background-type":"","background-media":"","overlay-type":"","overlay-color":"","overlay-opacity":"","overlay-gradient":""},"tablet":{"background-color":"var(--ast-global-color-4)","background-image":"","background-repeat":"repeat","background-position":"center center","background-size":"auto","background-attachment":"scroll","background-type":"","background-media":"","overlay-type":"","overlay-color":"","overlay-opacity":"","overlay-gradient":""},"mobile":{"background-color":"var(--ast-global-color-4)","background-image":"","background-repeat":"repeat","background-position":"center center","background-size":"auto","background-attachment":"scroll","background-type":"","background-media":"","overlay-type":"","overlay-color":"","overlay-opacity":"","overlay-gradient":""}},"footnotes":""},"class_list":["post-357","page","type-page","status-publish","hentry"],"_links":{"self":[{"href":"https:\/\/amade.ro\/ro\/wp-json\/wp\/v2\/pages\/357","targetHints":{"allow":["GET"]}}],"collection":[{"href":"https:\/\/amade.ro\/ro\/wp-json\/wp\/v2\/pages"}],"about":[{"href":"https:\/\/amade.ro\/ro\/wp-json\/wp\/v2\/types\/page"}],"author":[{"embeddable":true,"href":"https:\/\/amade.ro\/ro\/wp-json\/wp\/v2\/users\/1"}],"replies":[{"embeddable":true,"href":"https:\/\/amade.ro\/ro\/wp-json\/wp\/v2\/comments?post=357"}],"version-history":[{"count":16,"href":"https:\/\/amade.ro\/ro\/wp-json\/wp\/v2\/pages\/357\/revisions"}],"predecessor-version":[{"id":992,"href":"https:\/\/amade.ro\/ro\/wp-json\/wp\/v2\/pages\/357\/revisions\/992"}],"up":[{"embeddable":true,"href":"https:\/\/amade.ro\/ro\/wp-json\/wp\/v2\/pages\/15"}],"wp:attachment":[{"href":"https:\/\/amade.ro\/ro\/wp-json\/wp\/v2\/media?parent=357"}],"curies":[{"name":"wp","href":"https:\/\/api.w.org\/{rel}","templated":true}]}}