{"id":355,"date":"2025-08-17T21:13:06","date_gmt":"2025-08-17T19:13:06","guid":{"rendered":"https:\/\/amade.ro\/?page_id=355"},"modified":"2026-02-04T10:23:26","modified_gmt":"2026-02-04T09:23:26","slug":"standard-ketagyas-szoba","status":"publish","type":"page","link":"https:\/\/amade.ro\/ro\/szobak\/standard-ketagyas-szoba\/","title":{"rendered":"CAMER\u0102 STANDARD CU DOU\u0102 PATURI"},"content":{"rendered":"<div data-elementor-type=\"wp-page\" data-elementor-id=\"355\" class=\"elementor elementor-355\" data-elementor-post-type=\"page\">\n\t\t\t\t<div class=\"elementor-element elementor-element-5aae4e2 e-flex e-con-boxed e-con e-parent\" data-id=\"5aae4e2\" data-element_type=\"container\" data-settings=\"{&quot;background_background&quot;:&quot;classic&quot;}\">\n\t\t\t\t\t<div class=\"e-con-inner\">\n\t\t\t\t\t<\/div>\n\t\t\t\t<\/div>\n\t\t<div class=\"elementor-element elementor-element-d0d12f8 e-flex e-con-boxed e-con e-parent\" data-id=\"d0d12f8\" data-element_type=\"container\">\n\t\t\t\t\t<div class=\"e-con-inner\">\n\t\t<div class=\"elementor-element elementor-element-63b3b52 e-con-full e-flex e-con e-child\" data-id=\"63b3b52\" data-element_type=\"container\">\n\t\t\t\t<div class=\"elementor-element elementor-element-936d0c4 elementor-widget elementor-widget-heading\" data-id=\"936d0c4\" data-element_type=\"widget\" data-widget_type=\"heading.default\">\n\t\t\t\t<div class=\"elementor-widget-container\">\n\t\t\t\t\t<h2 class=\"elementor-heading-title elementor-size-default\">Camer\u0103 dubl\u0103 standard\n<\/h2>\t\t\t\t<\/div>\n\t\t\t\t<\/div>\n\t\t\t\t<div class=\"elementor-element elementor-element-21132ab elementor-widget elementor-widget-text-editor\" data-id=\"21132ab\" data-element_type=\"widget\" data-widget_type=\"text-editor.default\">\n\t\t\t\t<div class=\"elementor-widget-container\">\n\t\t\t\t\t\t\t\t\t<p>Confortul, armonia \u0219i stilul caracterizeaz\u0103 cele 8 camere ale noastre, fiecare pentru 2 persoane (cu pat dublu sau paturi twin), pe care le recomand\u0103m grupurilor mai mici, oaspe\u021bilor afla\u021bi \u00een tranzit \u0219i cuplurilor. Poate fi rezervat\u0103 \u0219i ca camer\u0103 single. Suprafa\u021ba sa este de 25 de metri p\u0103tra\u021bi. Nu sunt disponibile paturi suplimentare.<\/p><p class=\"translation-block\">Facilit\u0103\u021bi camer\u0103: TV LED cu canale digitale, mas\u0103, 2 scaune, pahare, lenjerie de pat. Baia privat\u0103 are du\u0219, usc\u0103tor de p\u0103r, s\u0103pun de m\u00e2ini, gel de du\u0219, prosoape.<\/p>\t\t\t\t\t\t\t\t<\/div>\n\t\t\t\t<\/div>\n\t\t\t\t<div class=\"elementor-element elementor-element-16c99e3 animated-fast elementor-mobile-align-center elementor-invisible elementor-widget elementor-widget-button\" data-id=\"16c99e3\" data-element_type=\"widget\" data-settings=\"{&quot;_animation&quot;:&quot;fadeInUp&quot;}\" data-widget_type=\"button.default\">\n\t\t\t\t<div class=\"elementor-widget-container\">\n\t\t\t\t\t\t\t\t\t<div class=\"elementor-button-wrapper\">\n\t\t\t\t\t<a class=\"elementor-button elementor-button-link elementor-size-sm\" href=\"\/ro\/foglalas\/\">\n\t\t\t\t\t\t<span class=\"elementor-button-content-wrapper\">\n\t\t\t\t\t\t\t\t\t<span class=\"elementor-button-text\">Calcularea pre\u021bului \u0219i rezervarea<\/span>\n\t\t\t\t\t<\/span>\n\t\t\t\t\t<\/a>\n\t\t\t\t<\/div>\n\t\t\t\t\t\t\t\t<\/div>\n\t\t\t\t<\/div>\n\t\t\t\t<\/div>\n\t\t<div class=\"elementor-element elementor-element-c896108 e-con-full e-flex e-con e-child\" data-id=\"c896108\" data-element_type=\"container\">\n\t\t\t\t<div class=\"elementor-element elementor-element-5af2170 elementor-widget elementor-widget-image\" data-id=\"5af2170\" data-element_type=\"widget\" data-widget_type=\"image.default\">\n\t\t\t\t<div class=\"elementor-widget-container\">\n\t\t\t\t\t\t\t\t\t\t\t\t\t\t\t<img fetchpriority=\"high\" decoding=\"async\" width=\"1024\" height=\"685\" src=\"https:\/\/amade.ro\/wp-content\/uploads\/2025\/08\/standard-szoba6.jpg\" class=\"attachment-large size-large wp-image-173\" alt=\"\" srcset=\"https:\/\/amade.ro\/wp-content\/uploads\/2025\/08\/standard-szoba6.jpg 1024w, https:\/\/amade.ro\/wp-content\/uploads\/2025\/08\/standard-szoba6-300x201.jpg 300w, https:\/\/amade.ro\/wp-content\/uploads\/2025\/08\/standard-szoba6-768x514.jpg 768w\" sizes=\"(max-width: 1024px) 100vw, 1024px\" \/>\t\t\t\t\t\t\t\t\t\t\t\t\t\t\t<\/div>\n\t\t\t\t<\/div>\n\t\t\t\t<\/div>\n\t\t\t\t\t<\/div>\n\t\t\t\t<\/div>\n\t\t<div class=\"elementor-element elementor-element-93e2f9c e-flex e-con-boxed e-con e-parent\" data-id=\"93e2f9c\" data-element_type=\"container\">\n\t\t\t\t\t<div class=\"e-con-inner\">\n\t\t<div class=\"elementor-element elementor-element-4de9093 e-con-full e-flex e-con e-child\" data-id=\"4de9093\" data-element_type=\"container\" data-settings=\"{&quot;background_background&quot;:&quot;classic&quot;}\">\n\t\t\t\t<div class=\"elementor-element elementor-element-244eabf elementor-widget elementor-widget-heading\" data-id=\"244eabf\" data-element_type=\"widget\" data-widget_type=\"heading.default\">\n\t\t\t\t<div class=\"elementor-widget-container\">\n\t\t\t\t\t<h2 class=\"elementor-heading-title elementor-size-default\">Conditii de anulare:\n<\/h2>\t\t\t\t<\/div>\n\t\t\t\t<\/div>\n\t\t\t\t<div class=\"elementor-element elementor-element-a494b79 elementor-icon-list--layout-traditional elementor-list-item-link-full_width elementor-widget elementor-widget-icon-list\" data-id=\"a494b79\" data-element_type=\"widget\" data-widget_type=\"icon-list.default\">\n\t\t\t\t<div class=\"elementor-widget-container\">\n\t\t\t\t\t\t\t<ul class=\"elementor-icon-list-items\">\n\t\t\t\t\t\t\t<li class=\"elementor-icon-list-item\">\n\t\t\t\t\t\t\t\t\t\t\t<span class=\"elementor-icon-list-icon\">\n\t\t\t\t\t\t\t<svg aria-hidden=\"true\" class=\"e-font-icon-svg e-fas-angle-right\" viewbox=\"0 0 256 512\" xmlns=\"http:\/\/www.w3.org\/2000\/svg\"><path d=\"M224.3 273l-136 136c-9.4 9.4-24.6 9.4-33.9 0l-22.6-22.6c-9.4-9.4-9.4-24.6 0-33.9l96.4-96.4-96.4-96.4c-9.4-9.4-9.4-24.6 0-33.9L54.3 103c9.4-9.4 24.6-9.4 33.9 0l136 136c9.5 9.4 9.5 24.6.1 34z\"><\/path><\/svg>\t\t\t\t\t\t<\/span>\n\t\t\t\t\t\t\t\t\t\t<span class=\"elementor-icon-list-text\">Rezervarea poate fi anulat\u0103 f\u0103r\u0103 penalit\u0103\u021bi cu p\u00e2n\u0103 la 48 de ore \u00eenainte de data sosirii.<\/span>\n\t\t\t\t\t\t\t\t\t<\/li>\n\t\t\t\t\t\t\t\t<li class=\"elementor-icon-list-item\">\n\t\t\t\t\t\t\t\t\t\t\t<span class=\"elementor-icon-list-icon\">\n\t\t\t\t\t\t\t<svg aria-hidden=\"true\" class=\"e-font-icon-svg e-fas-angle-right\" viewbox=\"0 0 256 512\" xmlns=\"http:\/\/www.w3.org\/2000\/svg\"><path d=\"M224.3 273l-136 136c-9.4 9.4-24.6 9.4-33.9 0l-22.6-22.6c-9.4-9.4-9.4-24.6 0-33.9l96.4-96.4-96.4-96.4c-9.4-9.4-9.4-24.6 0-33.9L54.3 103c9.4-9.4 24.6-9.4 33.9 0l136 136c9.5 9.4 9.5 24.6.1 34z\"><\/path><\/svg>\t\t\t\t\t\t<\/span>\n\t\t\t\t\t\t\t\t\t\t<span class=\"elementor-icon-list-text\">\u00cen caz de anulare cu 48 de ore \u00eenainte de data sosirii, penalizarea este de 30%.<\/span>\n\t\t\t\t\t\t\t\t\t<\/li>\n\t\t\t\t\t\t\t\t<li class=\"elementor-icon-list-item\">\n\t\t\t\t\t\t\t\t\t\t\t<span class=\"elementor-icon-list-icon\">\n\t\t\t\t\t\t\t<svg aria-hidden=\"true\" class=\"e-font-icon-svg e-fas-angle-right\" viewbox=\"0 0 256 512\" xmlns=\"http:\/\/www.w3.org\/2000\/svg\"><path d=\"M224.3 273l-136 136c-9.4 9.4-24.6 9.4-33.9 0l-22.6-22.6c-9.4-9.4-9.4-24.6 0-33.9l96.4-96.4-96.4-96.4c-9.4-9.4-9.4-24.6 0-33.9L54.3 103c9.4-9.4 24.6-9.4 33.9 0l136 136c9.5 9.4 9.5 24.6.1 34z\"><\/path><\/svg>\t\t\t\t\t\t<\/span>\n\t\t\t\t\t\t\t\t\t\t<span class=\"elementor-icon-list-text\">Pensiunea accept\u0103 doar anul\u0103ri \u00een scris.<\/span>\n\t\t\t\t\t\t\t\t\t<\/li>\n\t\t\t\t\t\t<\/ul>\n\t\t\t\t\t\t<\/div>\n\t\t\t\t<\/div>\n\t\t\t\t<\/div>\n\t\t\t\t\t<\/div>\n\t\t\t\t<\/div>\n\t\t<div class=\"elementor-element elementor-element-7d63fa3 e-flex e-con-boxed e-con e-parent\" data-id=\"7d63fa3\" data-element_type=\"container\">\n\t\t\t\t\t<div class=\"e-con-inner\">\n\t\t\t\t<div class=\"elementor-element elementor-element-4368542 elementor-widget elementor-widget-heading\" data-id=\"4368542\" data-element_type=\"widget\" data-widget_type=\"heading.default\">\n\t\t\t\t<div class=\"elementor-widget-container\">\n\t\t\t\t\t<h2 class=\"elementor-heading-title elementor-size-default\">Galerie<\/h2>\t\t\t\t<\/div>\n\t\t\t\t<\/div>\n\t\t\t\t<div class=\"elementor-element elementor-element-1d14164 elementor-widget elementor-widget-gallery\" data-id=\"1d14164\" data-element_type=\"widget\" data-settings=\"{&quot;columns_mobile&quot;:2,&quot;gap_mobile&quot;:{&quot;unit&quot;:&quot;px&quot;,&quot;size&quot;:5,&quot;sizes&quot;:[]},&quot;columns&quot;:3,&quot;lazyload&quot;:&quot;yes&quot;,&quot;gallery_layout&quot;:&quot;grid&quot;,&quot;columns_tablet&quot;:2,&quot;gap&quot;:{&quot;unit&quot;:&quot;px&quot;,&quot;size&quot;:10,&quot;sizes&quot;:[]},&quot;gap_tablet&quot;:{&quot;unit&quot;:&quot;px&quot;,&quot;size&quot;:10,&quot;sizes&quot;:[]},&quot;link_to&quot;:&quot;file&quot;,&quot;aspect_ratio&quot;:&quot;3:2&quot;,&quot;overlay_background&quot;:&quot;yes&quot;,&quot;content_hover_animation&quot;:&quot;fade-in&quot;}\" data-widget_type=\"gallery.default\">\n\t\t\t\t<div class=\"elementor-widget-container\">\n\t\t\t\t\t\t\t<div class=\"elementor-gallery__container\">\n\t\t\t\t\t\t\t<a class=\"e-gallery-item elementor-gallery-item elementor-animated-content\" href=\"https:\/\/amade.ro\/wp-content\/uploads\/2025\/08\/standard-szoba2.jpg\" data-elementor-open-lightbox=\"yes\" data-elementor-lightbox-slideshow=\"1d14164\" data-e-action-hash=\"#elementor-action%3Aaction%3Dlightbox%26settings%3DeyJpZCI6MTgzLCJ1cmwiOiJodHRwczpcL1wvYW1hZGUucm9cL3dwLWNvbnRlbnRcL3VwbG9hZHNcLzIwMjVcLzA4XC9zdGFuZGFyZC1zem9iYTIuanBnIiwic2xpZGVzaG93IjoiMWQxNDE2NCJ9\">\n\t\t\t\t\t<div class=\"e-gallery-image elementor-gallery-item__image\" data-thumbnail=\"https:\/\/amade.ro\/wp-content\/uploads\/2025\/08\/standard-szoba2.jpg\" data-width=\"1000\" data-height=\"596\" aria-label=\"\" role=\"img\" ><\/div>\n\t\t\t\t\t\t\t\t\t\t\t<div class=\"elementor-gallery-item__overlay\"><\/div>\n\t\t\t\t\t\t\t\t\t\t\t\t\t\t<\/a>\n\t\t\t\t\t\t\t<a class=\"e-gallery-item elementor-gallery-item elementor-animated-content\" href=\"https:\/\/amade.ro\/wp-content\/uploads\/2025\/08\/standard-szoba6.jpg\" data-elementor-open-lightbox=\"yes\" data-elementor-lightbox-slideshow=\"1d14164\" data-e-action-hash=\"#elementor-action%3Aaction%3Dlightbox%26settings%3DeyJpZCI6MTczLCJ1cmwiOiJodHRwczpcL1wvYW1hZGUucm9cL3dwLWNvbnRlbnRcL3VwbG9hZHNcLzIwMjVcLzA4XC9zdGFuZGFyZC1zem9iYTYuanBnIiwic2xpZGVzaG93IjoiMWQxNDE2NCJ9\">\n\t\t\t\t\t<div class=\"e-gallery-image elementor-gallery-item__image\" data-thumbnail=\"https:\/\/amade.ro\/wp-content\/uploads\/2025\/08\/standard-szoba6.jpg\" data-width=\"1024\" data-height=\"685\" aria-label=\"\" role=\"img\" ><\/div>\n\t\t\t\t\t\t\t\t\t\t\t<div class=\"elementor-gallery-item__overlay\"><\/div>\n\t\t\t\t\t\t\t\t\t\t\t\t\t\t<\/a>\n\t\t\t\t\t\t\t<a class=\"e-gallery-item elementor-gallery-item elementor-animated-content\" href=\"https:\/\/amade.ro\/wp-content\/uploads\/2025\/08\/standard-szoba4.jpg\" data-elementor-open-lightbox=\"yes\" data-elementor-lightbox-slideshow=\"1d14164\" data-e-action-hash=\"#elementor-action%3Aaction%3Dlightbox%26settings%3DeyJpZCI6MTk4LCJ1cmwiOiJodHRwczpcL1wvYW1hZGUucm9cL3dwLWNvbnRlbnRcL3VwbG9hZHNcLzIwMjVcLzA4XC9zdGFuZGFyZC1zem9iYTQuanBnIiwic2xpZGVzaG93IjoiMWQxNDE2NCJ9\">\n\t\t\t\t\t<div class=\"e-gallery-image elementor-gallery-item__image\" data-thumbnail=\"https:\/\/amade.ro\/wp-content\/uploads\/2025\/08\/standard-szoba4.jpg\" data-width=\"1024\" data-height=\"685\" aria-label=\"\" role=\"img\" ><\/div>\n\t\t\t\t\t\t\t\t\t\t\t<div class=\"elementor-gallery-item__overlay\"><\/div>\n\t\t\t\t\t\t\t\t\t\t\t\t\t\t<\/a>\n\t\t\t\t\t\t\t<a class=\"e-gallery-item elementor-gallery-item elementor-animated-content\" href=\"https:\/\/amade.ro\/wp-content\/uploads\/2025\/08\/standard-szoba5.jpg\" data-elementor-open-lightbox=\"yes\" data-elementor-lightbox-slideshow=\"1d14164\" data-e-action-hash=\"#elementor-action%3Aaction%3Dlightbox%26settings%3DeyJpZCI6MTc3LCJ1cmwiOiJodHRwczpcL1wvYW1hZGUucm9cL3dwLWNvbnRlbnRcL3VwbG9hZHNcLzIwMjVcLzA4XC9zdGFuZGFyZC1zem9iYTUuanBnIiwic2xpZGVzaG93IjoiMWQxNDE2NCJ9\">\n\t\t\t\t\t<div class=\"e-gallery-image elementor-gallery-item__image\" data-thumbnail=\"https:\/\/amade.ro\/wp-content\/uploads\/2025\/08\/standard-szoba5.jpg\" data-width=\"1017\" data-height=\"768\" aria-label=\"\" role=\"img\" ><\/div>\n\t\t\t\t\t\t\t\t\t\t\t<div class=\"elementor-gallery-item__overlay\"><\/div>\n\t\t\t\t\t\t\t\t\t\t\t\t\t\t<\/a>\n\t\t\t\t\t\t\t<a class=\"e-gallery-item elementor-gallery-item elementor-animated-content\" href=\"https:\/\/amade.ro\/wp-content\/uploads\/2025\/08\/standard-szoba9.jpg\" data-elementor-open-lightbox=\"yes\" data-elementor-lightbox-slideshow=\"1d14164\" data-e-action-hash=\"#elementor-action%3Aaction%3Dlightbox%26settings%3DeyJpZCI6MTc0LCJ1cmwiOiJodHRwczpcL1wvYW1hZGUucm9cL3dwLWNvbnRlbnRcL3VwbG9hZHNcLzIwMjVcLzA4XC9zdGFuZGFyZC1zem9iYTkuanBnIiwic2xpZGVzaG93IjoiMWQxNDE2NCJ9\">\n\t\t\t\t\t<div class=\"e-gallery-image elementor-gallery-item__image\" data-thumbnail=\"https:\/\/amade.ro\/wp-content\/uploads\/2025\/08\/standard-szoba9.jpg\" data-width=\"1024\" data-height=\"768\" aria-label=\"\" role=\"img\" ><\/div>\n\t\t\t\t\t\t\t\t\t\t\t<div class=\"elementor-gallery-item__overlay\"><\/div>\n\t\t\t\t\t\t\t\t\t\t\t\t\t\t<\/a>\n\t\t\t\t\t\t\t<a class=\"e-gallery-item elementor-gallery-item elementor-animated-content\" href=\"https:\/\/amade.ro\/wp-content\/uploads\/2025\/08\/standard-szoba7.jpg\" data-elementor-open-lightbox=\"yes\" data-elementor-lightbox-slideshow=\"1d14164\" data-e-action-hash=\"#elementor-action%3Aaction%3Dlightbox%26settings%3DeyJpZCI6MTYxLCJ1cmwiOiJodHRwczpcL1wvYW1hZGUucm9cL3dwLWNvbnRlbnRcL3VwbG9hZHNcLzIwMjVcLzA4XC9zdGFuZGFyZC1zem9iYTcuanBnIiwic2xpZGVzaG93IjoiMWQxNDE2NCJ9\">\n\t\t\t\t\t<div class=\"e-gallery-image elementor-gallery-item__image\" data-thumbnail=\"https:\/\/amade.ro\/wp-content\/uploads\/2025\/08\/standard-szoba7.jpg\" data-width=\"960\" data-height=\"768\" aria-label=\"\" role=\"img\" ><\/div>\n\t\t\t\t\t\t\t\t\t\t\t<div class=\"elementor-gallery-item__overlay\"><\/div>\n\t\t\t\t\t\t\t\t\t\t\t\t\t\t<\/a>\n\t\t\t\t\t\t\t<a class=\"e-gallery-item elementor-gallery-item elementor-animated-content\" href=\"https:\/\/amade.ro\/wp-content\/uploads\/2025\/08\/standard-szoba.jpg\" data-elementor-open-lightbox=\"yes\" data-elementor-lightbox-slideshow=\"1d14164\" data-e-action-hash=\"#elementor-action%3Aaction%3Dlightbox%26settings%3DeyJpZCI6MTM1LCJ1cmwiOiJodHRwczpcL1wvYW1hZGUucm9cL3dwLWNvbnRlbnRcL3VwbG9hZHNcLzIwMjVcLzA4XC9zdGFuZGFyZC1zem9iYS5qcGciLCJzbGlkZXNob3ciOiIxZDE0MTY0In0%3D\">\n\t\t\t\t\t<div class=\"e-gallery-image elementor-gallery-item__image\" data-thumbnail=\"https:\/\/amade.ro\/wp-content\/uploads\/2025\/08\/standard-szoba.jpg\" data-width=\"1803\" data-height=\"1200\" aria-label=\"\" role=\"img\" ><\/div>\n\t\t\t\t\t\t\t\t\t\t\t<div class=\"elementor-gallery-item__overlay\"><\/div>\n\t\t\t\t\t\t\t\t\t\t\t\t\t\t<\/a>\n\t\t\t\t\t\t\t<a class=\"e-gallery-item elementor-gallery-item elementor-animated-content\" href=\"https:\/\/amade.ro\/wp-content\/uploads\/2025\/08\/standard-szoba3.jpg\" data-elementor-open-lightbox=\"yes\" data-elementor-lightbox-slideshow=\"1d14164\" data-e-action-hash=\"#elementor-action%3Aaction%3Dlightbox%26settings%3DeyJpZCI6MTk2LCJ1cmwiOiJodHRwczpcL1wvYW1hZGUucm9cL3dwLWNvbnRlbnRcL3VwbG9hZHNcLzIwMjVcLzA4XC9zdGFuZGFyZC1zem9iYTMuanBnIiwic2xpZGVzaG93IjoiMWQxNDE2NCJ9\">\n\t\t\t\t\t<div class=\"e-gallery-image elementor-gallery-item__image\" data-thumbnail=\"https:\/\/amade.ro\/wp-content\/uploads\/2025\/08\/standard-szoba3.jpg\" data-width=\"1024\" data-height=\"685\" aria-label=\"\" role=\"img\" ><\/div>\n\t\t\t\t\t\t\t\t\t\t\t<div class=\"elementor-gallery-item__overlay\"><\/div>\n\t\t\t\t\t\t\t\t\t\t\t\t\t\t<\/a>\n\t\t\t\t\t\t\t<a class=\"e-gallery-item elementor-gallery-item elementor-animated-content\" href=\"https:\/\/amade.ro\/wp-content\/uploads\/2025\/08\/standard-szoba8.jpg\" data-elementor-open-lightbox=\"yes\" data-elementor-lightbox-slideshow=\"1d14164\" data-e-action-hash=\"#elementor-action%3Aaction%3Dlightbox%26settings%3DeyJpZCI6MjAwLCJ1cmwiOiJodHRwczpcL1wvYW1hZGUucm9cL3dwLWNvbnRlbnRcL3VwbG9hZHNcLzIwMjVcLzA4XC9zdGFuZGFyZC1zem9iYTguanBnIiwic2xpZGVzaG93IjoiMWQxNDE2NCJ9\">\n\t\t\t\t\t<div class=\"e-gallery-image elementor-gallery-item__image\" data-thumbnail=\"https:\/\/amade.ro\/wp-content\/uploads\/2025\/08\/standard-szoba8.jpg\" data-width=\"512\" data-height=\"768\" aria-label=\"\" role=\"img\" ><\/div>\n\t\t\t\t\t\t\t\t\t\t\t<div class=\"elementor-gallery-item__overlay\"><\/div>\n\t\t\t\t\t\t\t\t\t\t\t\t\t\t<\/a>\n\t\t\t\t\t<\/div>\n\t\t\t\t\t<\/div>\n\t\t\t\t<\/div>\n\t\t\t\t\t<\/div>\n\t\t\t\t<\/div>\n\t\t\t\t<\/div>","protected":false},"excerpt":{"rendered":"<p>Standard k\u00e9t\u00e1gyas szoba K\u00e9nyelem, harm\u00f3nia \u00e9s st\u00edlus jellemzi 8 db, egyenk\u00e9nt 2 szem\u00e9lyes (francia\u00e1gyas vagy k\u00fcl\u00f6n \u00e1gyas) szob\u00e1nkat, melyeket kisebb [&hellip;]<\/p>","protected":false},"author":1,"featured_media":0,"parent":15,"menu_order":0,"comment_status":"closed","ping_status":"closed","template":"","meta":{"site-sidebar-layout":"no-sidebar","site-content-layout":"","ast-site-content-layout":"full-width-container","site-content-style":"default","site-sidebar-style":"default","ast-global-header-display":"","ast-banner-title-visibility":"","ast-main-header-display":"","ast-hfb-above-header-display":"","ast-hfb-below-header-display":"","ast-hfb-mobile-header-display":"","site-post-title":"disabled","ast-breadcrumbs-content":"","ast-featured-img":"disabled","footer-sml-layout":"","theme-transparent-header-meta":"","adv-header-id-meta":"","stick-header-meta":"","header-above-stick-meta":"","header-main-stick-meta":"","header-below-stick-meta":"","astra-migrate-meta-layouts":"default","ast-page-background-enabled":"default","ast-page-background-meta":{"desktop":{"background-color":"var(--ast-global-color-5)","background-image":"","background-repeat":"repeat","background-position":"center center","background-size":"auto","background-attachment":"scroll","background-type":"","background-media":"","overlay-type":"","overlay-color":"","overlay-opacity":"","overlay-gradient":""},"tablet":{"background-color":"","background-image":"","background-repeat":"repeat","background-position":"center center","background-size":"auto","background-attachment":"scroll","background-type":"","background-media":"","overlay-type":"","overlay-color":"","overlay-opacity":"","overlay-gradient":""},"mobile":{"background-color":"","background-image":"","background-repeat":"repeat","background-position":"center center","background-size":"auto","background-attachment":"scroll","background-type":"","background-media":"","overlay-type":"","overlay-color":"","overlay-opacity":"","overlay-gradient":""}},"ast-content-background-meta":{"desktop":{"background-color":"var(--ast-global-color-4)","background-image":"","background-repeat":"repeat","background-position":"center center","background-size":"auto","background-attachment":"scroll","background-type":"","background-media":"","overlay-type":"","overlay-color":"","overlay-opacity":"","overlay-gradient":""},"tablet":{"background-color":"var(--ast-global-color-4)","background-image":"","background-repeat":"repeat","background-position":"center center","background-size":"auto","background-attachment":"scroll","background-type":"","background-media":"","overlay-type":"","overlay-color":"","overlay-opacity":"","overlay-gradient":""},"mobile":{"background-color":"var(--ast-global-color-4)","background-image":"","background-repeat":"repeat","background-position":"center center","background-size":"auto","background-attachment":"scroll","background-type":"","background-media":"","overlay-type":"","overlay-color":"","overlay-opacity":"","overlay-gradient":""}},"footnotes":""},"class_list":["post-355","page","type-page","status-publish","hentry"],"_links":{"self":[{"href":"https:\/\/amade.ro\/ro\/wp-json\/wp\/v2\/pages\/355","targetHints":{"allow":["GET"]}}],"collection":[{"href":"https:\/\/amade.ro\/ro\/wp-json\/wp\/v2\/pages"}],"about":[{"href":"https:\/\/amade.ro\/ro\/wp-json\/wp\/v2\/types\/page"}],"author":[{"embeddable":true,"href":"https:\/\/amade.ro\/ro\/wp-json\/wp\/v2\/users\/1"}],"replies":[{"embeddable":true,"href":"https:\/\/amade.ro\/ro\/wp-json\/wp\/v2\/comments?post=355"}],"version-history":[{"count":19,"href":"https:\/\/amade.ro\/ro\/wp-json\/wp\/v2\/pages\/355\/revisions"}],"predecessor-version":[{"id":989,"href":"https:\/\/amade.ro\/ro\/wp-json\/wp\/v2\/pages\/355\/revisions\/989"}],"up":[{"embeddable":true,"href":"https:\/\/amade.ro\/ro\/wp-json\/wp\/v2\/pages\/15"}],"wp:attachment":[{"href":"https:\/\/amade.ro\/ro\/wp-json\/wp\/v2\/media?parent=355"}],"curies":[{"name":"wp","href":"https:\/\/api.w.org\/{rel}","templated":true}]}}