{"id":203,"date":"2025-08-14T22:02:52","date_gmt":"2025-08-14T20:02:52","guid":{"rendered":"https:\/\/amade.ro\/?page_id=203"},"modified":"2025-08-22T10:33:42","modified_gmt":"2025-08-22T08:33:42","slug":"kulso-kepek","status":"publish","type":"page","link":"https:\/\/amade.ro\/ro\/galeria\/kulso-kepek\/","title":{"rendered":"Gal\u00e9ria: K\u00fcls\u0151 k\u00e9pek"},"content":{"rendered":"<div data-elementor-type=\"wp-page\" data-elementor-id=\"203\" class=\"elementor elementor-203\" data-elementor-post-type=\"page\">\n\t\t\t\t<div class=\"elementor-element elementor-element-4b3bed2 e-flex e-con-boxed e-con e-parent\" data-id=\"4b3bed2\" data-element_type=\"container\" data-settings=\"{&quot;background_background&quot;:&quot;classic&quot;}\">\n\t\t\t\t\t<div class=\"e-con-inner\">\n\t\t\t\t<div class=\"elementor-element elementor-element-7d49ef1 elementor-widget elementor-widget-text-editor\" data-id=\"7d49ef1\" data-element_type=\"widget\" data-widget_type=\"text-editor.default\">\n\t\t\t\t<div class=\"elementor-widget-container\">\n\t\t\t\t\t\t\t\t\t<p><a href=\"\/ro\/galeria\/\"><i><b>&lt; Vissza a Gal\u00e9ri\u00e1ba<\/b><\/i><\/a><\/p>\t\t\t\t\t\t\t\t<\/div>\n\t\t\t\t<\/div>\n\t\t\t\t\t<\/div>\n\t\t\t\t<\/div>\n\t\t<div class=\"elementor-element elementor-element-209d6d9 e-flex e-con-boxed e-con e-parent\" data-id=\"209d6d9\" data-element_type=\"container\">\n\t\t\t\t\t<div class=\"e-con-inner\">\n\t\t\t\t<div class=\"elementor-element elementor-element-62d1b2f elementor-widget elementor-widget-gallery\" data-id=\"62d1b2f\" data-element_type=\"widget\" data-settings=\"{&quot;lazyload&quot;:&quot;yes&quot;,&quot;gallery_layout&quot;:&quot;grid&quot;,&quot;columns&quot;:4,&quot;columns_tablet&quot;:2,&quot;columns_mobile&quot;:1,&quot;gap&quot;:{&quot;unit&quot;:&quot;px&quot;,&quot;size&quot;:10,&quot;sizes&quot;:[]},&quot;gap_tablet&quot;:{&quot;unit&quot;:&quot;px&quot;,&quot;size&quot;:10,&quot;sizes&quot;:[]},&quot;gap_mobile&quot;:{&quot;unit&quot;:&quot;px&quot;,&quot;size&quot;:10,&quot;sizes&quot;:[]},&quot;link_to&quot;:&quot;file&quot;,&quot;aspect_ratio&quot;:&quot;3:2&quot;,&quot;overlay_background&quot;:&quot;yes&quot;,&quot;content_hover_animation&quot;:&quot;fade-in&quot;}\" data-widget_type=\"gallery.default\">\n\t\t\t\t<div class=\"elementor-widget-container\">\n\t\t\t\t\t\t\t<div class=\"elementor-gallery__container\">\n\t\t\t\t\t\t\t<a class=\"e-gallery-item elementor-gallery-item elementor-animated-content\" href=\"https:\/\/amade.ro\/wp-content\/uploads\/2025\/08\/Pension-Restaurant-Amade-Amade-Panzio-Etterem6.jpg\" data-elementor-open-lightbox=\"yes\" data-elementor-lightbox-slideshow=\"62d1b2f\" data-e-action-hash=\"#elementor-action%3Aaction%3Dlightbox%26settings%3DeyJpZCI6MTMxLCJ1cmwiOiJodHRwczpcL1wvYW1hZGUucm9cL3dwLWNvbnRlbnRcL3VwbG9hZHNcLzIwMjVcLzA4XC9QZW5zaW9uLVJlc3RhdXJhbnQtQW1hZGUtQW1hZGUtUGFuemlvLUV0dGVyZW02LmpwZyIsInNsaWRlc2hvdyI6IjYyZDFiMmYifQ%3D%3D\">\n\t\t\t\t\t<div class=\"e-gallery-image elementor-gallery-item__image\" data-thumbnail=\"https:\/\/amade.ro\/wp-content\/uploads\/2025\/08\/Pension-Restaurant-Amade-Amade-Panzio-Etterem6.jpg\" data-width=\"1024\" data-height=\"655\" aria-label=\"\" role=\"img\" ><\/div>\n\t\t\t\t\t\t\t\t\t\t\t<div class=\"elementor-gallery-item__overlay\"><\/div>\n\t\t\t\t\t\t\t\t\t\t\t\t\t\t<\/a>\n\t\t\t\t\t\t\t<a class=\"e-gallery-item elementor-gallery-item elementor-animated-content\" href=\"https:\/\/amade.ro\/wp-content\/uploads\/2025\/08\/Pension-Restaurant-Amade-Amade-Panzio-Etterem8.jpg\" data-elementor-open-lightbox=\"yes\" data-elementor-lightbox-slideshow=\"62d1b2f\" data-e-action-hash=\"#elementor-action%3Aaction%3Dlightbox%26settings%3DeyJpZCI6OTEsInVybCI6Imh0dHBzOlwvXC9hbWFkZS5yb1wvd3AtY29udGVudFwvdXBsb2Fkc1wvMjAyNVwvMDhcL1BlbnNpb24tUmVzdGF1cmFudC1BbWFkZS1BbWFkZS1QYW56aW8tRXR0ZXJlbTguanBnIiwic2xpZGVzaG93IjoiNjJkMWIyZiJ9\">\n\t\t\t\t\t<div class=\"e-gallery-image elementor-gallery-item__image\" data-thumbnail=\"https:\/\/amade.ro\/wp-content\/uploads\/2025\/08\/Pension-Restaurant-Amade-Amade-Panzio-Etterem8.jpg\" data-width=\"1600\" data-height=\"720\" aria-label=\"\" role=\"img\" ><\/div>\n\t\t\t\t\t\t\t\t\t\t\t<div class=\"elementor-gallery-item__overlay\"><\/div>\n\t\t\t\t\t\t\t\t\t\t\t\t\t\t<\/a>\n\t\t\t\t\t\t\t<a class=\"e-gallery-item elementor-gallery-item elementor-animated-content\" href=\"https:\/\/amade.ro\/wp-content\/uploads\/2025\/08\/Pension-Restaurant-Amade-Amade-Panzio-Etterem.jpg\" data-elementor-open-lightbox=\"yes\" data-elementor-lightbox-slideshow=\"62d1b2f\" data-e-action-hash=\"#elementor-action%3Aaction%3Dlightbox%26settings%3DeyJpZCI6MTYzLCJ1cmwiOiJodHRwczpcL1wvYW1hZGUucm9cL3dwLWNvbnRlbnRcL3VwbG9hZHNcLzIwMjVcLzA4XC9QZW5zaW9uLVJlc3RhdXJhbnQtQW1hZGUtQW1hZGUtUGFuemlvLUV0dGVyZW0uanBnIiwic2xpZGVzaG93IjoiNjJkMWIyZiJ9\">\n\t\t\t\t\t<div class=\"e-gallery-image elementor-gallery-item__image\" data-thumbnail=\"https:\/\/amade.ro\/wp-content\/uploads\/2025\/08\/Pension-Restaurant-Amade-Amade-Panzio-Etterem.jpg\" data-width=\"1024\" data-height=\"555\" aria-label=\"\" role=\"img\" ><\/div>\n\t\t\t\t\t\t\t\t\t\t\t<div class=\"elementor-gallery-item__overlay\"><\/div>\n\t\t\t\t\t\t\t\t\t\t\t\t\t\t<\/a>\n\t\t\t\t\t\t\t<a class=\"e-gallery-item elementor-gallery-item elementor-animated-content\" href=\"https:\/\/amade.ro\/wp-content\/uploads\/2025\/08\/Pension-Restaurant-Amade-Amade-Panzio-Etterem2.jpg\" data-elementor-open-lightbox=\"yes\" data-elementor-lightbox-slideshow=\"62d1b2f\" data-e-action-hash=\"#elementor-action%3Aaction%3Dlightbox%26settings%3DeyJpZCI6MTU2LCJ1cmwiOiJodHRwczpcL1wvYW1hZGUucm9cL3dwLWNvbnRlbnRcL3VwbG9hZHNcLzIwMjVcLzA4XC9QZW5zaW9uLVJlc3RhdXJhbnQtQW1hZGUtQW1hZGUtUGFuemlvLUV0dGVyZW0yLmpwZyIsInNsaWRlc2hvdyI6IjYyZDFiMmYifQ%3D%3D\">\n\t\t\t\t\t<div class=\"e-gallery-image elementor-gallery-item__image\" data-thumbnail=\"https:\/\/amade.ro\/wp-content\/uploads\/2025\/08\/Pension-Restaurant-Amade-Amade-Panzio-Etterem2.jpg\" data-width=\"1024\" data-height=\"768\" aria-label=\"\" role=\"img\" ><\/div>\n\t\t\t\t\t\t\t\t\t\t\t<div class=\"elementor-gallery-item__overlay\"><\/div>\n\t\t\t\t\t\t\t\t\t\t\t\t\t\t<\/a>\n\t\t\t\t\t\t\t<a class=\"e-gallery-item elementor-gallery-item elementor-animated-content\" href=\"https:\/\/amade.ro\/wp-content\/uploads\/2025\/08\/Pension-Restaurant-Amade-Amade-Panzio-Etterem7.jpg\" data-elementor-open-lightbox=\"yes\" data-elementor-lightbox-slideshow=\"62d1b2f\" data-e-action-hash=\"#elementor-action%3Aaction%3Dlightbox%26settings%3DeyJpZCI6MTAyLCJ1cmwiOiJodHRwczpcL1wvYW1hZGUucm9cL3dwLWNvbnRlbnRcL3VwbG9hZHNcLzIwMjVcLzA4XC9QZW5zaW9uLVJlc3RhdXJhbnQtQW1hZGUtQW1hZGUtUGFuemlvLUV0dGVyZW03LmpwZyIsInNsaWRlc2hvdyI6IjYyZDFiMmYifQ%3D%3D\">\n\t\t\t\t\t<div class=\"e-gallery-image elementor-gallery-item__image\" data-thumbnail=\"https:\/\/amade.ro\/wp-content\/uploads\/2025\/08\/Pension-Restaurant-Amade-Amade-Panzio-Etterem7.jpg\" data-width=\"1024\" data-height=\"685\" aria-label=\"\" role=\"img\" ><\/div>\n\t\t\t\t\t\t\t\t\t\t\t<div class=\"elementor-gallery-item__overlay\"><\/div>\n\t\t\t\t\t\t\t\t\t\t\t\t\t\t<\/a>\n\t\t\t\t\t\t\t<a class=\"e-gallery-item elementor-gallery-item elementor-animated-content\" href=\"https:\/\/amade.ro\/wp-content\/uploads\/2025\/08\/Pension-Restaurant-Amade-Amade-Panzio-Etterem3.jpg\" data-elementor-open-lightbox=\"yes\" data-elementor-lightbox-slideshow=\"62d1b2f\" data-e-action-hash=\"#elementor-action%3Aaction%3Dlightbox%26settings%3DeyJpZCI6MTgxLCJ1cmwiOiJodHRwczpcL1wvYW1hZGUucm9cL3dwLWNvbnRlbnRcL3VwbG9hZHNcLzIwMjVcLzA4XC9QZW5zaW9uLVJlc3RhdXJhbnQtQW1hZGUtQW1hZGUtUGFuemlvLUV0dGVyZW0zLmpwZyIsInNsaWRlc2hvdyI6IjYyZDFiMmYifQ%3D%3D\">\n\t\t\t\t\t<div class=\"e-gallery-image elementor-gallery-item__image\" data-thumbnail=\"https:\/\/amade.ro\/wp-content\/uploads\/2025\/08\/Pension-Restaurant-Amade-Amade-Panzio-Etterem3.jpg\" data-width=\"576\" data-height=\"768\" aria-label=\"\" role=\"img\" ><\/div>\n\t\t\t\t\t\t\t\t\t\t\t<div class=\"elementor-gallery-item__overlay\"><\/div>\n\t\t\t\t\t\t\t\t\t\t\t\t\t\t<\/a>\n\t\t\t\t\t\t\t<a class=\"e-gallery-item elementor-gallery-item elementor-animated-content\" href=\"https:\/\/amade.ro\/wp-content\/uploads\/2025\/08\/Pension-Restaurant-Amade-Amade-Panzio-Etterem5.jpg\" data-elementor-open-lightbox=\"yes\" data-elementor-lightbox-slideshow=\"62d1b2f\" data-e-action-hash=\"#elementor-action%3Aaction%3Dlightbox%26settings%3DeyJpZCI6MTg2LCJ1cmwiOiJodHRwczpcL1wvYW1hZGUucm9cL3dwLWNvbnRlbnRcL3VwbG9hZHNcLzIwMjVcLzA4XC9QZW5zaW9uLVJlc3RhdXJhbnQtQW1hZGUtQW1hZGUtUGFuemlvLUV0dGVyZW01LmpwZyIsInNsaWRlc2hvdyI6IjYyZDFiMmYifQ%3D%3D\">\n\t\t\t\t\t<div class=\"e-gallery-image elementor-gallery-item__image\" data-thumbnail=\"https:\/\/amade.ro\/wp-content\/uploads\/2025\/08\/Pension-Restaurant-Amade-Amade-Panzio-Etterem5.jpg\" data-width=\"576\" data-height=\"768\" aria-label=\"\" role=\"img\" ><\/div>\n\t\t\t\t\t\t\t\t\t\t\t<div class=\"elementor-gallery-item__overlay\"><\/div>\n\t\t\t\t\t\t\t\t\t\t\t\t\t\t<\/a>\n\t\t\t\t\t\t\t<a class=\"e-gallery-item elementor-gallery-item elementor-animated-content\" href=\"https:\/\/amade.ro\/wp-content\/uploads\/2025\/08\/Pension-Restaurant-Amade-Amade-Panzio-Etterem4.jpg\" data-elementor-open-lightbox=\"yes\" data-elementor-lightbox-slideshow=\"62d1b2f\" data-e-action-hash=\"#elementor-action%3Aaction%3Dlightbox%26settings%3DeyJpZCI6MTY4LCJ1cmwiOiJodHRwczpcL1wvYW1hZGUucm9cL3dwLWNvbnRlbnRcL3VwbG9hZHNcLzIwMjVcLzA4XC9QZW5zaW9uLVJlc3RhdXJhbnQtQW1hZGUtQW1hZGUtUGFuemlvLUV0dGVyZW00LmpwZyIsInNsaWRlc2hvdyI6IjYyZDFiMmYifQ%3D%3D\">\n\t\t\t\t\t<div class=\"e-gallery-image elementor-gallery-item__image\" data-thumbnail=\"https:\/\/amade.ro\/wp-content\/uploads\/2025\/08\/Pension-Restaurant-Amade-Amade-Panzio-Etterem4.jpg\" data-width=\"1024\" data-height=\"768\" aria-label=\"\" role=\"img\" ><\/div>\n\t\t\t\t\t\t\t\t\t\t\t<div class=\"elementor-gallery-item__overlay\"><\/div>\n\t\t\t\t\t\t\t\t\t\t\t\t\t\t<\/a>\n\t\t\t\t\t<\/div>\n\t\t\t\t\t<\/div>\n\t\t\t\t<\/div>\n\t\t\t\t\t<\/div>\n\t\t\t\t<\/div>\n\t\t\t\t<\/div>","protected":false},"excerpt":{"rendered":"<p>&lt; Vissza a Gal\u00e9ri\u00e1ba<\/p>","protected":false},"author":1,"featured_media":0,"parent":21,"menu_order":0,"comment_status":"closed","ping_status":"closed","template":"","meta":{"site-sidebar-layout":"no-sidebar","site-content-layout":"","ast-site-content-layout":"full-width-container","site-content-style":"default","site-sidebar-style":"default","ast-global-header-display":"","ast-banner-title-visibility":"","ast-main-header-display":"","ast-hfb-above-header-display":"","ast-hfb-below-header-display":"","ast-hfb-mobile-header-display":"","site-post-title":"disabled","ast-breadcrumbs-content":"","ast-featured-img":"disabled","footer-sml-layout":"","theme-transparent-header-meta":"","adv-header-id-meta":"","stick-header-meta":"","header-above-stick-meta":"","header-main-stick-meta":"","header-below-stick-meta":"","astra-migrate-meta-layouts":"default","ast-page-background-enabled":"default","ast-page-background-meta":{"desktop":{"background-color":"var(--ast-global-color-5)","background-image":"","background-repeat":"repeat","background-position":"center center","background-size":"auto","background-attachment":"scroll","background-type":"","background-media":"","overlay-type":"","overlay-color":"","overlay-opacity":"","overlay-gradient":""},"tablet":{"background-color":"","background-image":"","background-repeat":"repeat","background-position":"center center","background-size":"auto","background-attachment":"scroll","background-type":"","background-media":"","overlay-type":"","overlay-color":"","overlay-opacity":"","overlay-gradient":""},"mobile":{"background-color":"","background-image":"","background-repeat":"repeat","background-position":"center center","background-size":"auto","background-attachment":"scroll","background-type":"","background-media":"","overlay-type":"","overlay-color":"","overlay-opacity":"","overlay-gradient":""}},"ast-content-background-meta":{"desktop":{"background-color":"var(--ast-global-color-4)","background-image":"","background-repeat":"repeat","background-position":"center center","background-size":"auto","background-attachment":"scroll","background-type":"","background-media":"","overlay-type":"","overlay-color":"","overlay-opacity":"","overlay-gradient":""},"tablet":{"background-color":"var(--ast-global-color-4)","background-image":"","background-repeat":"repeat","background-position":"center center","background-size":"auto","background-attachment":"scroll","background-type":"","background-media":"","overlay-type":"","overlay-color":"","overlay-opacity":"","overlay-gradient":""},"mobile":{"background-color":"var(--ast-global-color-4)","background-image":"","background-repeat":"repeat","background-position":"center center","background-size":"auto","background-attachment":"scroll","background-type":"","background-media":"","overlay-type":"","overlay-color":"","overlay-opacity":"","overlay-gradient":""}},"footnotes":""},"class_list":["post-203","page","type-page","status-publish","hentry"],"_links":{"self":[{"href":"https:\/\/amade.ro\/ro\/wp-json\/wp\/v2\/pages\/203","targetHints":{"allow":["GET"]}}],"collection":[{"href":"https:\/\/amade.ro\/ro\/wp-json\/wp\/v2\/pages"}],"about":[{"href":"https:\/\/amade.ro\/ro\/wp-json\/wp\/v2\/types\/page"}],"author":[{"embeddable":true,"href":"https:\/\/amade.ro\/ro\/wp-json\/wp\/v2\/users\/1"}],"replies":[{"embeddable":true,"href":"https:\/\/amade.ro\/ro\/wp-json\/wp\/v2\/comments?post=203"}],"version-history":[{"count":19,"href":"https:\/\/amade.ro\/ro\/wp-json\/wp\/v2\/pages\/203\/revisions"}],"predecessor-version":[{"id":549,"href":"https:\/\/amade.ro\/ro\/wp-json\/wp\/v2\/pages\/203\/revisions\/549"}],"up":[{"embeddable":true,"href":"https:\/\/amade.ro\/ro\/wp-json\/wp\/v2\/pages\/21"}],"wp:attachment":[{"href":"https:\/\/amade.ro\/ro\/wp-json\/wp\/v2\/media?parent=203"}],"curies":[{"name":"wp","href":"https:\/\/api.w.org\/{rel}","templated":true}]}}